{"id":87630,"date":"2020-02-24T10:13:17","date_gmt":"2020-02-24T09:13:17","guid":{"rendered":"https:\/\/gratka.pl\/blog\/?page_id=87630"},"modified":"2026-01-19T10:07:25","modified_gmt":"2026-01-19T09:07:25","slug":"motoryzacja","status":"publish","type":"page","link":"https:\/\/motogratka.pl\/blog\/oferta\/klient-biznesowy\/motoryzacja\/","title":{"rendered":"Motoryzacja"},"content":{"rendered":"<div class=\"col-2\"><\/div>\n<div class=\"col-lg-8\">\n<p class=\"fs-5 text-primary fw-semibold\">Od ponad 20 lat pomagamy firmom z bran\u017cy motoryzacyjnej w zdobywaniu nowych klient\u00f3w.<\/p>\n<p><a href=\"#contact-form\" class=\"btn btn-primary rounded-pill px-3 text-decoration-none mt-4 w-auto mx-auto mb-5\">Zosta\u0144 partnerem<\/a><\/p>\n<\/div>\n<div class=\"col-2\"><\/div>\n<div class=\"col-12\">\n<h4 class=\"text-uppercase text-secondary lh-1 mt-5 mb-0\">Zainwestuj w skuteczno\u015b\u0107 \u2013 zam\u00f3w abonament ju\u017c dzi\u015b!<\/h4>\n<ul id=\"oferta\" class=\"nav nav-tabs mt-5 justify-content-evenly\" role=\"tablist\">\n<li class=\"nav-item\" role=\"presentation\"><a href=\"#\" id=\"moto-tab\" class=\"nav-link active fs-5 fw-semibold\" data-bs-toggle=\"tab\" data-bs-target=\"#moto-tab-pane\" aria-controls=\"moto-tab-pane\" aria-selected=\"true\">Moto Biznes<\/a><\/li>\n<li class=\"nav-item\" role=\"presentation\"><a href=\"#\" id=\"moto-pro-tab\" class=\"nav-link fs-5 fw-semibold\" data-bs-toggle=\"tab\" data-bs-target=\"#moto-pro-tab-pane\" aria-controls=\"moto-pro-tab-pane\" aria-selected=\"false\">Moto Biznes PRO<\/a><\/li>\n<li class=\"nav-item\" role=\"presentation\"><a href=\"#\" id=\"sklep-tab\" class=\"nav-link fs-5 fw-semibold\" data-bs-toggle=\"tab\" data-bs-target=\"#sklep-tab-pane\" aria-controls=\"sklep-tab-pane\" aria-selected=\"false\">Sklep Motoryzacyjny<\/a><\/li>\n<\/ul>\n<div id=\"ofertaContent\" class=\"tab-content\">\n<div id=\"moto-tab-pane\" class=\"tab-pane fade show active\" tabindex=\"0\" role=\"tabpanel\" aria-labelledby=\"moto-tab\">\n<div class=\"row row-gap\">\n<div class=\"col-md mt-5\">\n<div class=\"bg-white p-5 text-start rounded h-100\">\n<h3 class=\"text-uppercase text-primary lh-1 fs-1 mb-4\">Abonament\u2028Moto Biznes<\/h3>\n<p class=\"text-primary fs-5 fw-semibold mb-4\">Cennik wed\u0142ug liczby og\u0142osze\u0144<\/p>\n<table class=\"oferta-cennik-table w-100\">\n<tbody>\n<tr class=\"oferta-cennik-table-headerrow\">\n<th class=\"small fw-normal\">Rodzaj abonamentu<\/th>\n<th class=\"small fw-normal\">Cena \/ miesi\u0105c<\/th>\n<\/tr>\n<tr>\n<td>do 30 og\u0142osze\u0144<\/td>\n<td class=\"fw-bold\"><span class=\"oferta-cennik-table-green\">160 z\u0142<\/span> +VAT<\/td>\n<\/tr>\n<tr>\n<td>do 50 og\u0142osze\u0144<\/td>\n<td class=\"fw-bold\"><span class=\"oferta-cennik-table-green\">200 z\u0142<\/span> +VAT<\/td>\n<\/tr>\n<tr>\n<td>do 70 og\u0142osze\u0144<\/td>\n<td class=\"fw-bold\"><span class=\"oferta-cennik-table-green\">250 z\u0142<\/span> +VAT<\/td>\n<\/tr>\n<tr>\n<td>do 100 og\u0142osze\u0144<\/td>\n<td class=\"fw-bold\"><span class=\"oferta-cennik-table-green\">300 z\u0142<\/span> +VAT<\/td>\n<\/tr>\n<tr>\n<td>powy\u017cej 100 og\u0142osze\u0144<\/td>\n<td class=\"fw-bold\"><span class=\"oferta-cennik-table-green\">wycena indywidualna<\/span><\/td>\n<\/tr>\n<\/tbody>\n<\/table>\n<\/div>\n<\/div>\n<div class=\"col-md mt-5\">\n<div class=\"bg-white p-5 text-start rounded h-100\">\n<h3 class=\"text-uppercase text-primary lh-1 fs-1 mb-4\">Partnerstwo\u2028z Gratk\u0105<\/h3>\n<p class=\"text-primary fs-5 fw-semibold mb-4\">Korzy\u015bci p\u0142yn\u0105ce ze wsp\u00f3\u0142pracy<\/p>\n<ul class=\"mb-5\">\n<li class=\"mb-2\">Promocja Twoich og\u0142osze\u0144 samochod\u00f3w u\u017cywanych<\/li>\n<li class=\"mb-2\">Dost\u0119p do szczeg\u00f3\u0142owych statystyk pokazuj\u0105cych efektywno\u015b\u0107 poszczeg\u00f3lnych og\u0142osze\u0144<\/li>\n<li class=\"mb-2\">Dodawanie og\u0142oszenia za po\u015brednictwem naszego panelu administracyjnego lub dost\u0119pnych na rynku program\u00f3w do zarz\u0105dzania sprzeda\u017c\u0105 samochod\u00f3w<\/li>\n<li>Przewidywane koszty \u2013 nie p\u0142acisz za umieszczenie og\u0142oszenia tylko sam okre\u015blasz limit og\u0142osze\u0144 widocznych w serwisie, w ramach kt\u00f3rego mo\u017cesz wymienia\u0107 og\u0142oszenia<\/li>\n<\/ul>\n<p class=\"fs-5 text-accent fw-semibold mb-0\">Zapytaj przedstawiciela handlowego ile mo\u017cesz zyska\u0107 ze wsp\u00f3\u0142pracy z motogratka.pl<\/p>\n<\/div>\n<\/div>\n<\/div>\n<\/div>\n<div id=\"moto-pro-tab-pane\" class=\"tab-pane fade\" tabindex=\"0\" role=\"tabpanel\" aria-labelledby=\"moto-pro-tab\">\n<div class=\"row row-gap\">\n<div class=\"col-md mt-5\">\n<div class=\"bg-white p-5 text-start rounded h-100\">\n<h3 class=\"text-uppercase text-primary lh-1 fs-1 mb-4\">Abonament\u2028Moto Biznes PRO<\/h3>\n<p class=\"text-primary fs-5 fw-semibold mb-4\">Cennik oraz liczba kod\u00f3w do promowania wed\u0142ug liczby og\u0142osze\u0144<\/p>\n<table class=\"oferta-cennik-table w-100\">\n<tbody>\n<tr class=\"oferta-cennik-table-headerrow\">\n<th class=\"small fw-normal\">Rodzaj abonamentu<\/th>\n<th class=\"small fw-normal\">Cena \/ miesi\u0105c<\/th>\n<th class=\"small fw-normal\">Pakiet kod\u00f3w \/ miesi\u0105c<\/th>\n<\/tr>\n<tr>\n<td>do 30 og\u0142osze\u0144<\/td>\n<td class=\"fw-bold\"><span class=\"oferta-cennik-table-green\">200 z\u0142<\/span> +VAT<\/td>\n<td>+100 kod\u00f3w<\/td>\n<\/tr>\n<tr>\n<td>do 50 og\u0142osze\u0144<\/td>\n<td class=\"fw-bold\"><span class=\"oferta-cennik-table-green\">260 z\u0142<\/span> +VAT<\/td>\n<td>+150 kod\u00f3w<\/td>\n<\/tr>\n<tr>\n<td>do 70 og\u0142osze\u0144<\/td>\n<td class=\"fw-bold\"><span class=\"oferta-cennik-table-green\">320 z\u0142<\/span> +VAT<\/td>\n<td>+200 kod\u00f3w<\/td>\n<\/tr>\n<tr>\n<td>do 100 og\u0142osze\u0144<\/td>\n<td class=\"fw-bold\"><span class=\"oferta-cennik-table-green\">400 z\u0142<\/span> +VAT<\/td>\n<td>+300 kod\u00f3w<\/td>\n<\/tr>\n<tr class=\"oferta-cennik-table-hr\">\n<td>powy\u017cej 100 og\u0142osze\u0144<\/td>\n<td class=\"fw-bold text-center\" colspan=\"2\"><span class=\"oferta-cennik-table-green\">wycena indywidualna<\/span><\/td>\n<\/tr>\n<\/tbody>\n<\/table>\n<\/div>\n<\/div>\n<div class=\"col-md mt-5\">\n<div class=\"bg-white p-5 text-start rounded h-100\">\n<h3 class=\"text-uppercase text-primary lh-1 fs-1 mb-4\">Partnerstwo\u2028z Gratk\u0105<\/h3>\n<p class=\"text-primary fs-5 fw-semibold mb-4\">Korzy\u015bci p\u0142yn\u0105ce ze wsp\u00f3\u0142pracy<\/p>\n<ul class=\"mb-5\">\n<li class=\"mb-2\">Promocja Twoich og\u0142osze\u0144 samochod\u00f3w u\u017cywanych<\/li>\n<li class=\"mb-2\">Dost\u0119p do szczeg\u00f3\u0142owych statystyk pokazuj\u0105cych efektywno\u015b\u0107 poszczeg\u00f3lnych og\u0142osze\u0144<\/li>\n<li class=\"mb-2\">Dodawanie og\u0142oszenia za po\u015brednictwem naszego panelu administracyjnego lub dost\u0119pnych na rynku program\u00f3w do zarz\u0105dzania sprzeda\u017c\u0105 samochod\u00f3w<\/li>\n<li>Przewidywane koszty \u2013 nie p\u0142acisz za umieszczenie og\u0142oszenia tylko sam okre\u015blasz limit og\u0142osze\u0144 widocznych w serwisie, w ramach kt\u00f3rego mo\u017cesz wymienia\u0107 og\u0142oszenia<\/li>\n<\/ul>\n<p class=\"fs-5 text-accent fw-semibold mb-0\">Zapytaj przedstawiciela handlowego ile mo\u017cesz zyska\u0107 ze wsp\u00f3\u0142pracy z Gratka.pl<\/p>\n<\/div>\n<\/div>\n<\/div>\n<\/div>\n<div id=\"sklep-tab-pane\" class=\"tab-pane fade\" tabindex=\"0\" role=\"tabpanel\" aria-labelledby=\"sklep-tab\">\n<div class=\"row\">\n<div class=\"col-md mt-5\">\n<div class=\"bg-white p-5 text-start rounded h-100\">\n<h3 class=\"text-uppercase text-primary lh-1 fs-1 mb-4\">Oferta dla Sklepu<\/h3>\n<p class=\"text-primary fs-5 fw-semibold mb-4\">Korzy\u015bci p\u0142yn\u0105ce ze wsp\u00f3\u0142pracy<\/p>\n<ul>\n<li class=\"mb-2\">Promocja Twoich og\u0142osze\u0144 samochod\u00f3w u\u017cywanych<\/li>\n<li class=\"mb-2\">Dost\u0119p do szczeg\u00f3\u0142owych statystyk pokazuj\u0105cych efektywno\u015b\u0107 poszczeg\u00f3lnych og\u0142osze\u0144<\/li>\n<li class=\"mb-2\">Dodawanie og\u0142oszenia za po\u015brednictwem naszego panelu administracyjnego lub dost\u0119pnych na rynku program\u00f3w do zarz\u0105dzania sprzeda\u017c\u0105 samochod\u00f3w<\/li>\n<li>Przewidywane koszty \u2013 nie p\u0142acisz za umieszczenie og\u0142oszenia tylko sam okre\u015blasz limit og\u0142osze\u0144 widocznych w serwisie, w ramach kt\u00f3rego mo\u017cesz wymienia\u0107 og\u0142oszenia<\/li>\n<\/ul>\n<\/div>\n<\/div>\n<div class=\"col-12 mt-5\"><a href=\"#contact-form\" class=\"btn btn-primary rounded-pill px-3 text-decoration-none w-auto mx-auto mb-5\">Za\u0142\u00f3\u017c konto sklepu w Gratce<\/a><\/div>\n<\/div>\n<\/div>\n<\/div>\n<\/div>\n<div class=\"col-2 pt-lg-6\"><\/div>\n<div class=\"col-lg-8 pt-6\">\n<h2 class=\"text-uppercase h1 text-accent-secondary\">W\u0142\u0105cz wy\u017cszy bieg z motogratka.pl, nap\u0119dzamy Tw\u00f3j biznes!<\/h2>\n<p class=\"fs-5 text-primary fw-semibold\">\n<\/div>\n<div class=\"col-2 pt-lg-6\"><\/div>\n<div class=\"col-12\">\n<div class=\"row row-gap\">\n<div class=\"col-md-6 mt-5\">\n<div class=\"bg-white h-100 p-4 text-start rounded\">\n<p><img loading=\"lazy\" decoding=\"async\" class=\"img-fluid\" src=\"https:\/\/motogratka.pl\/blog\/wp-content\/uploads\/2024\/09\/icon_1.svg\" alt=\"\" width=\"96\" height=\"96\" \/><\/p>\n<p class=\"fs-4 fw-semibold text-primary mt-3 mb-0\">Pewny i bezpieczny partner, od ponad 20 lat na rynku og\u0142osze\u0144 dla bran\u017cy motoryzacyjnej<\/p>\n<\/div>\n<\/div>\n<div class=\"col-md-6 mt-5\">\n<div class=\"bg-white h-100 p-4 text-start rounded\">\n<p><img loading=\"lazy\" decoding=\"async\" class=\"img-fluid\" src=\"https:\/\/motogratka.pl\/blog\/wp-content\/uploads\/2024\/09\/icon_2.svg\" alt=\"\" width=\"96\" height=\"96\" \/><\/p>\n<p class=\"fs-4 fw-semibold text-primary mt-3 mb-0\">Dost\u0119p do panelu i zarz\u0105dzanie og\u0142oszeniami przez www z dowolnego miejsca na \u015bwiecie<\/p>\n<\/div>\n<\/div>\n<div class=\"col-md-6 mt-5\">\n<div class=\"bg-white h-100 p-4 text-start rounded\">\n<p><img loading=\"lazy\" decoding=\"async\" class=\"img-fluid\" src=\"https:\/\/motogratka.pl\/blog\/wp-content\/uploads\/2024\/09\/icon_3.svg\" alt=\"\" width=\"96\" height=\"96\" \/><\/p>\n<p class=\"fs-4 fw-semibold text-primary mt-3 mb-0\">Miliony u\u017cytkownik\u00f3w odwiedzaj\u0105 serwis ka\u017cdego miesi\u0105ca<\/p>\n<\/div>\n<\/div>\n<div class=\"col-md-6 mt-5\">\n<div class=\"bg-white h-100 p-4 text-start rounded\">\n<p><img loading=\"lazy\" decoding=\"async\" class=\"img-fluid\" src=\"https:\/\/motogratka.pl\/blog\/wp-content\/uploads\/2024\/09\/icon_4.svg\" alt=\"\" width=\"96\" height=\"96\" \/><\/p>\n<p class=\"fs-4 fw-semibold text-primary mt-3 mb-0\">Szeroki wachlarz us\u0142ug wspieraj\u0105cych widoczno\u015b\u0107 Twoich og\u0142osze\u0144<\/p>\n<\/div>\n<\/div>\n<div class=\"col-12 mt-5\"><a href=\"#contact-form\" class=\"btn btn-primary rounded-pill px-3 text-decoration-none w-auto mx-auto\">Zosta\u0144 partnerem<\/a><\/div>\n<\/div>\n<\/div>\n","protected":false},"excerpt":{"rendered":"<p>Od ponad 20 lat pomagamy firmom z bran\u017cy motoryzacyjnej w zdobywaniu nowych klient\u00f3w. Zosta\u0144 partnerem Zainwestuj w skuteczno\u015b\u0107 \u2013 zam\u00f3w abonament ju\u017c dzi\u015b! Moto Biznes Moto Biznes PRO Sklep Motoryzacyjny Abonament\u2028Moto Biznes Cennik wed\u0142ug liczby og\u0142osze\u0144 Rodzaj abonamentu Cena \/ miesi\u0105c do 30 og\u0142osze\u0144 160 z\u0142 +VAT do 50 og\u0142osze\u0144 200 z\u0142 +VAT do 70 [&hellip;]<\/p>\n","protected":false},"author":86,"featured_media":0,"parent":72826,"menu_order":0,"comment_status":"closed","ping_status":"closed","template":"page-full.php","meta":{"_acf_changed":false,"footnotes":""},"class_list":["post-87630","page","type-page","status-publish","hentry"],"acf":[],"yoast_head":"<!-- This site is optimized with the Yoast SEO plugin v26.9 - https:\/\/yoast.com\/product\/yoast-seo-wordpress\/ -->\n<title>Motoryzacja - oferta biznesowa | Gratka.pl<\/title>\n<meta name=\"description\" content=\"Od ponad 20 lat pomagamy firmom z bran\u017cy motoryzacyjnej w zdobywaniu nowych klient\u00f3w. Zosta\u0144 partnerem Zainwestuj w skuteczno\u015b\u0107 \u2013 zam\u00f3w abonament ju\u017c\" \/>\n<meta name=\"robots\" content=\"index, follow, max-snippet:-1, max-image-preview:large, max-video-preview:-1\" \/>\n<link rel=\"canonical\" href=\"https:\/\/gratka.pl\/oferta\/klient-biznesowy\/motoryzacja\/\" \/>\n<meta property=\"og:locale\" content=\"pl_PL\" \/>\n<meta property=\"og:type\" content=\"article\" \/>\n<meta property=\"og:title\" content=\"Motoryzacja - oferta biznesowa | Gratka.pl\" \/>\n<meta property=\"og:description\" content=\"Od ponad 20 lat pomagamy firmom z bran\u017cy motoryzacyjnej w zdobywaniu nowych klient\u00f3w. Zosta\u0144 partnerem Zainwestuj w skuteczno\u015b\u0107 \u2013 zam\u00f3w abonament ju\u017c\" \/>\n<meta property=\"og:url\" content=\"https:\/\/gratka.pl\/oferta\/klient-biznesowy\/motoryzacja\/\" \/>\n<meta property=\"og:site_name\" content=\"motogratka\" \/>\n<meta property=\"article:modified_time\" content=\"2026-01-19T09:07:25+00:00\" \/>\n<meta property=\"og:image\" content=\"https:\/\/gratka.pl\/blog\/wp-content\/uploads\/2024\/09\/icon_1.svg\" \/>\n<meta name=\"twitter:card\" content=\"summary_large_image\" \/>\n<script type=\"application\/ld+json\" class=\"yoast-schema-graph\">{\"@context\":\"https:\/\/schema.org\",\"@graph\":[{\"@type\":\"WebPage\",\"@id\":\"https:\/\/motogratka.pl\/blog\/oferta\/klient-biznesowy\/motoryzacja\/\",\"url\":\"https:\/\/gratka.pl\/oferta\/klient-biznesowy\/motoryzacja\/\",\"name\":\"Motoryzacja - oferta biznesowa | Gratka.pl\",\"isPartOf\":{\"@id\":\"https:\/\/motogratka.pl\/blog\/#website\"},\"primaryImageOfPage\":{\"@id\":\"https:\/\/gratka.pl\/oferta\/klient-biznesowy\/motoryzacja\/#primaryimage\"},\"image\":{\"@id\":\"https:\/\/gratka.pl\/oferta\/klient-biznesowy\/motoryzacja\/#primaryimage\"},\"thumbnailUrl\":\"https:\/\/gratka.pl\/blog\/wp-content\/uploads\/2024\/09\/icon_1.svg\",\"datePublished\":\"2020-02-24T09:13:17+00:00\",\"dateModified\":\"2026-01-19T09:07:25+00:00\",\"description\":\"Od ponad 20 lat pomagamy firmom z bran\u017cy motoryzacyjnej w zdobywaniu nowych klient\u00f3w. Zosta\u0144 partnerem Zainwestuj w skuteczno\u015b\u0107 \u2013 zam\u00f3w abonament ju\u017c\",\"breadcrumb\":{\"@id\":\"https:\/\/gratka.pl\/oferta\/klient-biznesowy\/motoryzacja\/#breadcrumb\"},\"inLanguage\":\"pl-PL\",\"potentialAction\":[{\"@type\":\"ReadAction\",\"target\":[\"https:\/\/gratka.pl\/oferta\/klient-biznesowy\/motoryzacja\/\"]}]},{\"@type\":\"ImageObject\",\"inLanguage\":\"pl-PL\",\"@id\":\"https:\/\/gratka.pl\/oferta\/klient-biznesowy\/motoryzacja\/#primaryimage\",\"url\":\"https:\/\/gratka.pl\/blog\/wp-content\/uploads\/2024\/09\/icon_1.svg\",\"contentUrl\":\"https:\/\/gratka.pl\/blog\/wp-content\/uploads\/2024\/09\/icon_1.svg\"},{\"@type\":\"BreadcrumbList\",\"@id\":\"https:\/\/gratka.pl\/oferta\/klient-biznesowy\/motoryzacja\/#breadcrumb\",\"itemListElement\":[{\"@type\":\"ListItem\",\"position\":1,\"name\":\"Oferta\",\"item\":\"https:\/\/motogratka.pl\/blog\/oferta\/\"},{\"@type\":\"ListItem\",\"position\":2,\"name\":\"Klient biznesowy\",\"item\":\"https:\/\/motogratka.pl\/blog\/oferta\/klient-biznesowy\/\"},{\"@type\":\"ListItem\",\"position\":3,\"name\":\"Motoryzacja\"}]},{\"@type\":\"WebSite\",\"@id\":\"https:\/\/motogratka.pl\/blog\/#website\",\"url\":\"https:\/\/motogratka.pl\/blog\/\",\"name\":\"motogratka\",\"description\":\"Poradniki, artyku\u0142y, raporty dotycz\u0105ce motoryzacji\",\"publisher\":{\"@id\":\"https:\/\/motogratka.pl\/blog\/#organization\"},\"potentialAction\":[{\"@type\":\"SearchAction\",\"target\":{\"@type\":\"EntryPoint\",\"urlTemplate\":\"https:\/\/motogratka.pl\/blog\/?s={search_term_string}\"},\"query-input\":{\"@type\":\"PropertyValueSpecification\",\"valueRequired\":true,\"valueName\":\"search_term_string\"}}],\"inLanguage\":\"pl-PL\"},{\"@type\":\"Organization\",\"@id\":\"https:\/\/motogratka.pl\/blog\/#organization\",\"name\":\"motogratka\",\"url\":\"https:\/\/motogratka.pl\/blog\/\",\"logo\":{\"@type\":\"ImageObject\",\"inLanguage\":\"pl-PL\",\"@id\":\"https:\/\/motogratka.pl\/blog\/#\/schema\/logo\/image\/\",\"url\":\"https:\/\/motogratka.pl\/blog\/wp-content\/uploads\/2024\/09\/gratka-logo.svg\",\"contentUrl\":\"https:\/\/motogratka.pl\/blog\/wp-content\/uploads\/2024\/09\/gratka-logo.svg\",\"width\":147,\"height\":40,\"caption\":\"motogratka\"},\"image\":{\"@id\":\"https:\/\/motogratka.pl\/blog\/#\/schema\/logo\/image\/\"}}]}<\/script>\n<!-- \/ Yoast SEO plugin. -->","yoast_head_json":{"title":"Motoryzacja - oferta biznesowa | Gratka.pl","description":"Od ponad 20 lat pomagamy firmom z bran\u017cy motoryzacyjnej w zdobywaniu nowych klient\u00f3w. Zosta\u0144 partnerem Zainwestuj w skuteczno\u015b\u0107 \u2013 zam\u00f3w abonament ju\u017c","robots":{"index":"index","follow":"follow","max-snippet":"max-snippet:-1","max-image-preview":"max-image-preview:large","max-video-preview":"max-video-preview:-1"},"canonical":"https:\/\/gratka.pl\/oferta\/klient-biznesowy\/motoryzacja\/","og_locale":"pl_PL","og_type":"article","og_title":"Motoryzacja - oferta biznesowa | Gratka.pl","og_description":"Od ponad 20 lat pomagamy firmom z bran\u017cy motoryzacyjnej w zdobywaniu nowych klient\u00f3w. Zosta\u0144 partnerem Zainwestuj w skuteczno\u015b\u0107 \u2013 zam\u00f3w abonament ju\u017c","og_url":"https:\/\/gratka.pl\/oferta\/klient-biznesowy\/motoryzacja\/","og_site_name":"motogratka","article_modified_time":"2026-01-19T09:07:25+00:00","og_image":[{"url":"https:\/\/gratka.pl\/blog\/wp-content\/uploads\/2024\/09\/icon_1.svg","type":"","width":"","height":""}],"twitter_card":"summary_large_image","schema":{"@context":"https:\/\/schema.org","@graph":[{"@type":"WebPage","@id":"https:\/\/motogratka.pl\/blog\/oferta\/klient-biznesowy\/motoryzacja\/","url":"https:\/\/gratka.pl\/oferta\/klient-biznesowy\/motoryzacja\/","name":"Motoryzacja - oferta biznesowa | Gratka.pl","isPartOf":{"@id":"https:\/\/motogratka.pl\/blog\/#website"},"primaryImageOfPage":{"@id":"https:\/\/gratka.pl\/oferta\/klient-biznesowy\/motoryzacja\/#primaryimage"},"image":{"@id":"https:\/\/gratka.pl\/oferta\/klient-biznesowy\/motoryzacja\/#primaryimage"},"thumbnailUrl":"https:\/\/gratka.pl\/blog\/wp-content\/uploads\/2024\/09\/icon_1.svg","datePublished":"2020-02-24T09:13:17+00:00","dateModified":"2026-01-19T09:07:25+00:00","description":"Od ponad 20 lat pomagamy firmom z bran\u017cy motoryzacyjnej w zdobywaniu nowych klient\u00f3w. Zosta\u0144 partnerem Zainwestuj w skuteczno\u015b\u0107 \u2013 zam\u00f3w abonament ju\u017c","breadcrumb":{"@id":"https:\/\/gratka.pl\/oferta\/klient-biznesowy\/motoryzacja\/#breadcrumb"},"inLanguage":"pl-PL","potentialAction":[{"@type":"ReadAction","target":["https:\/\/gratka.pl\/oferta\/klient-biznesowy\/motoryzacja\/"]}]},{"@type":"ImageObject","inLanguage":"pl-PL","@id":"https:\/\/gratka.pl\/oferta\/klient-biznesowy\/motoryzacja\/#primaryimage","url":"https:\/\/gratka.pl\/blog\/wp-content\/uploads\/2024\/09\/icon_1.svg","contentUrl":"https:\/\/gratka.pl\/blog\/wp-content\/uploads\/2024\/09\/icon_1.svg"},{"@type":"BreadcrumbList","@id":"https:\/\/gratka.pl\/oferta\/klient-biznesowy\/motoryzacja\/#breadcrumb","itemListElement":[{"@type":"ListItem","position":1,"name":"Oferta","item":"https:\/\/motogratka.pl\/blog\/oferta\/"},{"@type":"ListItem","position":2,"name":"Klient biznesowy","item":"https:\/\/motogratka.pl\/blog\/oferta\/klient-biznesowy\/"},{"@type":"ListItem","position":3,"name":"Motoryzacja"}]},{"@type":"WebSite","@id":"https:\/\/motogratka.pl\/blog\/#website","url":"https:\/\/motogratka.pl\/blog\/","name":"motogratka","description":"Poradniki, artyku\u0142y, raporty dotycz\u0105ce motoryzacji","publisher":{"@id":"https:\/\/motogratka.pl\/blog\/#organization"},"potentialAction":[{"@type":"SearchAction","target":{"@type":"EntryPoint","urlTemplate":"https:\/\/motogratka.pl\/blog\/?s={search_term_string}"},"query-input":{"@type":"PropertyValueSpecification","valueRequired":true,"valueName":"search_term_string"}}],"inLanguage":"pl-PL"},{"@type":"Organization","@id":"https:\/\/motogratka.pl\/blog\/#organization","name":"motogratka","url":"https:\/\/motogratka.pl\/blog\/","logo":{"@type":"ImageObject","inLanguage":"pl-PL","@id":"https:\/\/motogratka.pl\/blog\/#\/schema\/logo\/image\/","url":"https:\/\/motogratka.pl\/blog\/wp-content\/uploads\/2024\/09\/gratka-logo.svg","contentUrl":"https:\/\/motogratka.pl\/blog\/wp-content\/uploads\/2024\/09\/gratka-logo.svg","width":147,"height":40,"caption":"motogratka"},"image":{"@id":"https:\/\/motogratka.pl\/blog\/#\/schema\/logo\/image\/"}}]}},"_links":{"self":[{"href":"https:\/\/motogratka.pl\/blog\/wp-json\/wp\/v2\/pages\/87630","targetHints":{"allow":["GET"]}}],"collection":[{"href":"https:\/\/motogratka.pl\/blog\/wp-json\/wp\/v2\/pages"}],"about":[{"href":"https:\/\/motogratka.pl\/blog\/wp-json\/wp\/v2\/types\/page"}],"author":[{"embeddable":true,"href":"https:\/\/motogratka.pl\/blog\/wp-json\/wp\/v2\/users\/86"}],"replies":[{"embeddable":true,"href":"https:\/\/motogratka.pl\/blog\/wp-json\/wp\/v2\/comments?post=87630"}],"version-history":[{"count":3,"href":"https:\/\/motogratka.pl\/blog\/wp-json\/wp\/v2\/pages\/87630\/revisions"}],"predecessor-version":[{"id":109439,"href":"https:\/\/motogratka.pl\/blog\/wp-json\/wp\/v2\/pages\/87630\/revisions\/109439"}],"up":[{"embeddable":true,"href":"https:\/\/motogratka.pl\/blog\/wp-json\/wp\/v2\/pages\/72826"}],"wp:attachment":[{"href":"https:\/\/motogratka.pl\/blog\/wp-json\/wp\/v2\/media?parent=87630"}],"curies":[{"name":"wp","href":"https:\/\/api.w.org\/{rel}","templated":true}]}}