{"id":109359,"date":"2026-01-12T15:55:44","date_gmt":"2026-01-12T14:55:44","guid":{"rendered":"https:\/\/motogratka.pl\/blog\/?page_id=109359"},"modified":"2026-04-07T10:54:03","modified_gmt":"2026-04-07T08:54:03","slug":"kontakt","status":"publish","type":"page","link":"https:\/\/motogratka.pl\/blog\/kontakt\/","title":{"rendered":"Kontakt"},"content":{"rendered":"<section class=\"mg-contact\">\n<style>\n    .mg-contact{\n      --navy:#0b1e5b;\n      --muted:#4b5b84;\n      --accent:#ff3b1f;\n      --card:#eef4fb;\n      --soft:#f6eef0;\n      --max:1100px;<\/p>\n<p>      background:var(--bg);\n      padding:56px 18px 44px;\n      font-family: system-ui, -apple-system, Segoe UI, Roboto, Arial, \"Noto Sans\", \"Helvetica Neue\", sans-serif;\n      color:var(--navy);\n    }<\/p>\n<p>    .mg-wrap{max-width:var(--max); margin:0 auto;}\n    .mg-title{\n      margin:0;\n      text-align:center;\n      font-weight:800;\n      letter-spacing:.02em;\n      text-transform:uppercase;\n      color:var(--accent);\n      font-size: clamp(34px, 4vw, 56px);\n      line-height:1.05;\n    }\n    .mg-sub{\n      margin:18px auto 0;\n      text-align:center;\n      max-width:780px;\n      color:var(--navy);\n      font-weight:600;\n      font-size: clamp(18px, 1.7vw, 22px);\n      line-height:1.35;\n    }\n    .mg-sub span{font-weight:800;}<\/p>\n<p>    .mg-grid{\n      margin-top:56px;\n      display:grid;\n      grid-template-columns: 1fr 1fr;\n      gap:46px;\n      align-items:start;\n      text-align: left;\n    }<\/p>\n<p>    .mg-box{\n      background:transparent;\n      font-family: \"DMSans\",arial,helvetica,sans-serif;\n    }<\/p>\n<p>    .mg-icon{\n      width:64px; height:64px;\n      border-radius:18px;\n      background: #fef5f2;\n      display:grid;\n      place-items:center;\n      margin-bottom:22px;\n    }\n    .mg-icon svg{width:28px; height:28px; fill:var(--accent);}\n    .mg-icon img{filter:brightness(0)saturate(100%)invert(42%)sepia(96%)saturate(5671%)hue-rotate(356deg)brightness(96%)contrast(103%);}\n    .mg-h{\n      margin:0 0 10px;\n      font-size:24px;\n      font-weight:400;\n      color:var(--navy);\n      font-family: \"DMSans\",arial,helvetica,sans-serif;\n    }\n    .mg-desc{\n      margin:0 0 26px;\n      color:var(--muted);\n      font-weight:400;\n      line-height:1.5;\n    }<\/p>\n<p>    .mg-link{\n      display:inline-block;\n      color:var(--navy);\n      text-decoration:none;\n      font-weight:400;\n      letter-spacing:.01em;\n      margin:10px 0 6px;\n      font-size:20px;\n    }\n    .mg-link:hover{ text-decoration:underline; }<\/p>\n<p>    .mg-hours{\n      margin-top:12px;\n      font-size:13px;\n      color:#6d7aa3;\n      font-weight:400;\n    }<\/p>\n<p>    .mg-footer{\n      margin-top:64px;\n      display:grid;\n      grid-template-columns: 1.4fr 1fr;\n      gap:40px;\n      align-items:start;\n      text-align: left;\n    }<\/p>\n<p>    .mg-logos{\n      display:flex;\n      gap:14px;\n      align-items:center;\n      margin-bottom:22px;\n      flex-wrap:wrap;\n    }\n    .mg-logo{\n      display:inline-flex;\n      align-items:center;\n      gap:8px;\n      font-weight:400;\n      color:var(--navy);\n      text-decoration:none;\n      padding:8px 12px;\n      border-radius:999px;\n      border:2px solid rgba(11,30,91,.12);\n      background:rgba(255,255,255,.35);\n    }<\/p>\n<p>    .mg-company{\n      margin:0 0 8px;\n      font-size:26px;\n      font-weight:400;\n      color:var(--navy);\n      font-family: \"DMSans\",arial,helvetica,sans-serif;\n    }\n    .mg-address{\n      margin:0;\n      color:var(--navy);\n      font-weight:400;\n      line-height:1.6;\n    }<\/p>\n<p>    .mg-meta{\n      color:var(--navy);\n      font-weight:400;\n      line-height:1.9;\n    }\n    .mg-meta small{\n      display:block;\n      margin-top:10px;\n      color:#6d7aa3;\n      font-weight:400;\n      line-height:1.5;\n    }<\/p>\n<p>    .mg-divider{\n      height:1px;\n      background: rgba(11,30,91,.12);\n      margin-top:22px;\n    }<\/p>\n<p>    @media (max-width: 860px){\n      .mg-grid{grid-template-columns: 1fr; gap:26px; margin-top:38px;}\n      .mg-footer{grid-template-columns: 1fr; gap:26px; margin-top:44px;}\n      .mg-box{padding:10px 6px;}\n    }\n  <\/style>\n<div class=\"mg-wrap\">\n<h1 class=\"mg-title\">JESTE\u015aMY TU PO TO, BY POMAGA\u0106<\/h1>\n<p class=\"mg-sub\">Oferujemy szybkie i profesjonalne wsparcie, aby<br \/>\nTwoje do\u015bwiadczenia z motogratk\u0105 by\u0142y jak najlepsze.<\/p>\n<div class=\"mg-grid\">\n<p><!-- LEFT --><\/p>\n<div class=\"mg-box\">\n<div class=\"mg-icon\" aria-hidden=\"true\">\n<p><!-- question icon --><br \/>\n<img loading=\"lazy\" decoding=\"async\" src=\"https:\/\/motogratka.pl\/nuxt-assets\/contact_support.DCJF4vfg.svg\" width=\"36\" height=\"36\" alt=\"BOK\">\n<\/div>\n<h3 class=\"mg-h\">Biuro Obs\u0142ugi Klienta<\/h3>\n<p class=\"mg-desc\">Pomo\u017cemy znale\u017a\u0107 Ci rozwi\u0105zanie problem\u00f3w.<\/p>\n<p><a href=\"tel:+48587396600\" class=\"mg-link\">+48 58 739 66 00<\/a><br \/>\n<\/br><a href=\"mailto:bok@morizon-gratka.pl\" class=\"mg-link\">bok@morizon-gratka.pl<\/a><\/p>\n<div class=\"mg-hours\">Kontakt w dni robocze: 9:00 \u2013 17:00<\/div>\n<\/div>\n<p><!-- RIGHT --><\/p>\n<div class=\"mg-box\">\n<div class=\"mg-icon\" aria-hidden=\"true\">\n<p><!-- bag icon --><br \/>\n<img loading=\"lazy\" decoding=\"async\" src=\"https:\/\/motogratka.pl\/nuxt-assets\/local_mall._WwYfkAn.svg\" width=\"36\" height=\"36\" alt=\"Dzia\u0142 sprzeda\u017cy\"><\/p>\n<\/div>\n<h3 class=\"mg-h\">Biuro Sprzeda\u017cy<\/h3>\n<p class=\"mg-desc\">Nie mo\u017cemy doczeka\u0107 si\u0119 rozmowy o wsp\u00f3\u0142pracy z Tob\u0105.<\/p>\n<p><a href=\"tel:+48587396600\" class=\"mg-link\">+48 58 739 66 00<\/a><br \/>\n<\/br><a href=\"mailto:oferta@morizon-gratka.pl\" class=\"mg-link\">oferta@morizon-gratka.pl<\/a><\/p>\n<div class=\"mg-hours\">Kontakt w dni robocze: 9:00 \u2013 17:00<\/div>\n<\/div>\n<\/div>\n<div class=\"mg-grid\">\n<div>\n<div class=\"mg-box mg-logos\"><img loading=\"lazy\" decoding=\"async\" class=\"alignnone size-full wp-image-105585\" src=\"https:\/\/motogratka.pl\/nuxt-assets\/morizon-gratka.D1c8Hz-t.svg\" alt=\"\" width=\"208\" height=\"40\" \/><\/div>\n<p class=\"mg-box mg-company\">Grupa Morizon\u2013Gratka Sp. z o.o.<\/p>\n<p class=\"mg-box mg-address\">ul. Domaniewska 49,<br \/>\n<br \/>02\u2013672 Warszawa<\/p>\n<\/div>\n<div class=\"mg-box mg-meta\">NIP: 521 310 76 93<br \/>\n<br \/>REGON: 016394720<br \/>\n<br \/>KRS: 0000125836<br \/>\n<br \/>Kapita\u0142 zak\u0142adowy: 1 235 000 PLN<br \/>\n<small><br \/>\nSp\u00f3\u0142ka jest zarejestrowana przez S\u0105d Rejonowy w Warszawie, XIII Wydzia\u0142 Gospodarczy<br \/>\nKrajowego Rejestru S\u0105dowego pod numerem KRS 0000372685.<br \/>\nKapita\u0142 zak\u0142adowy 8 669 024,70 z\u0142.<br \/>\n<\/small><\/div>\n<\/div>\n<\/div>\n<\/section>\n","protected":false},"excerpt":{"rendered":"<p>JESTE\u015aMY TU PO TO, BY POMAGA\u0106 Oferujemy szybkie i profesjonalne wsparcie, aby Twoje do\u015bwiadczenia z motogratk\u0105 by\u0142y jak najlepsze. Biuro Obs\u0142ugi Klienta Pomo\u017cemy znale\u017a\u0107 Ci rozwi\u0105zanie problem\u00f3w. +48 58 739 66 00 bok@morizon-gratka.pl Kontakt w dni robocze: 9:00 \u2013 17:00 Biuro Sprzeda\u017cy Nie mo\u017cemy doczeka\u0107 si\u0119 rozmowy o wsp\u00f3\u0142pracy z Tob\u0105. +48 58 739 66 [&hellip;]<\/p>\n","protected":false},"author":86,"featured_media":0,"parent":0,"menu_order":0,"comment_status":"closed","ping_status":"closed","template":"page-full.php","meta":{"_acf_changed":false,"footnotes":""},"class_list":["post-109359","page","type-page","status-publish","hentry"],"acf":[],"yoast_head":"<!-- This site is optimized with the Yoast SEO plugin v26.9 - https:\/\/yoast.com\/product\/yoast-seo-wordpress\/ -->\n<title>Kontakt | motogratka<\/title>\n<meta name=\"description\" content=\"JESTE\u015aMY TU PO TO, BY POMAGA\u0106 Oferujemy szybkie i profesjonalne wsparcie, aby Twoje do\u015bwiadczenia z motogratk\u0105 by\u0142y jak najlepsze. Biuro Obs\u0142ugi Klienta\" \/>\n<meta name=\"robots\" content=\"index, follow, max-snippet:-1, max-image-preview:large, max-video-preview:-1\" \/>\n<link rel=\"canonical\" href=\"https:\/\/motogratka.pl\/blog\/kontakt\/\" \/>\n<meta property=\"og:locale\" content=\"pl_PL\" \/>\n<meta property=\"og:type\" content=\"article\" \/>\n<meta property=\"og:title\" content=\"Kontakt | motogratka\" \/>\n<meta property=\"og:description\" content=\"JESTE\u015aMY TU PO TO, BY POMAGA\u0106 Oferujemy szybkie i profesjonalne wsparcie, aby Twoje do\u015bwiadczenia z motogratk\u0105 by\u0142y jak najlepsze. Biuro Obs\u0142ugi Klienta\" \/>\n<meta property=\"og:url\" content=\"https:\/\/motogratka.pl\/blog\/kontakt\/\" \/>\n<meta property=\"og:site_name\" content=\"motogratka\" \/>\n<meta property=\"article:modified_time\" content=\"2026-04-07T08:54:03+00:00\" \/>\n<meta property=\"og:image\" content=\"https:\/\/gratka.pl\/nuxt-assets\/contact_support.DCJF4vfg.svg\" \/>\n<meta name=\"twitter:card\" content=\"summary_large_image\" \/>\n<script type=\"application\/ld+json\" class=\"yoast-schema-graph\">{\"@context\":\"https:\/\/schema.org\",\"@graph\":[{\"@type\":\"WebPage\",\"@id\":\"https:\/\/motogratka.pl\/blog\/kontakt\/\",\"url\":\"https:\/\/motogratka.pl\/blog\/kontakt\/\",\"name\":\"Kontakt | motogratka\",\"isPartOf\":{\"@id\":\"https:\/\/motogratka.pl\/blog\/#website\"},\"primaryImageOfPage\":{\"@id\":\"https:\/\/motogratka.pl\/blog\/kontakt\/#primaryimage\"},\"image\":{\"@id\":\"https:\/\/motogratka.pl\/blog\/kontakt\/#primaryimage\"},\"thumbnailUrl\":\"https:\/\/gratka.pl\/nuxt-assets\/contact_support.DCJF4vfg.svg\",\"datePublished\":\"2026-01-12T14:55:44+00:00\",\"dateModified\":\"2026-04-07T08:54:03+00:00\",\"description\":\"JESTE\u015aMY TU PO TO, BY POMAGA\u0106 Oferujemy szybkie i profesjonalne wsparcie, aby Twoje do\u015bwiadczenia z motogratk\u0105 by\u0142y jak najlepsze. Biuro Obs\u0142ugi Klienta\",\"inLanguage\":\"pl-PL\",\"potentialAction\":[{\"@type\":\"ReadAction\",\"target\":[\"https:\/\/motogratka.pl\/blog\/kontakt\/\"]}]},{\"@type\":\"ImageObject\",\"inLanguage\":\"pl-PL\",\"@id\":\"https:\/\/motogratka.pl\/blog\/kontakt\/#primaryimage\",\"url\":\"https:\/\/gratka.pl\/nuxt-assets\/contact_support.DCJF4vfg.svg\",\"contentUrl\":\"https:\/\/gratka.pl\/nuxt-assets\/contact_support.DCJF4vfg.svg\"},{\"@type\":\"WebSite\",\"@id\":\"https:\/\/motogratka.pl\/blog\/#website\",\"url\":\"https:\/\/motogratka.pl\/blog\/\",\"name\":\"motogratka\",\"description\":\"Poradniki, artyku\u0142y, raporty dotycz\u0105ce motoryzacji\",\"publisher\":{\"@id\":\"https:\/\/motogratka.pl\/blog\/#organization\"},\"potentialAction\":[{\"@type\":\"SearchAction\",\"target\":{\"@type\":\"EntryPoint\",\"urlTemplate\":\"https:\/\/motogratka.pl\/blog\/?s={search_term_string}\"},\"query-input\":{\"@type\":\"PropertyValueSpecification\",\"valueRequired\":true,\"valueName\":\"search_term_string\"}}],\"inLanguage\":\"pl-PL\"},{\"@type\":\"Organization\",\"@id\":\"https:\/\/motogratka.pl\/blog\/#organization\",\"name\":\"motogratka\",\"url\":\"https:\/\/motogratka.pl\/blog\/\",\"logo\":{\"@type\":\"ImageObject\",\"inLanguage\":\"pl-PL\",\"@id\":\"https:\/\/motogratka.pl\/blog\/#\/schema\/logo\/image\/\",\"url\":\"https:\/\/motogratka.pl\/blog\/wp-content\/uploads\/2024\/09\/gratka-logo.svg\",\"contentUrl\":\"https:\/\/motogratka.pl\/blog\/wp-content\/uploads\/2024\/09\/gratka-logo.svg\",\"width\":147,\"height\":40,\"caption\":\"motogratka\"},\"image\":{\"@id\":\"https:\/\/motogratka.pl\/blog\/#\/schema\/logo\/image\/\"}}]}<\/script>\n<!-- \/ Yoast SEO plugin. -->","yoast_head_json":{"title":"Kontakt | motogratka","description":"JESTE\u015aMY TU PO TO, BY POMAGA\u0106 Oferujemy szybkie i profesjonalne wsparcie, aby Twoje do\u015bwiadczenia z motogratk\u0105 by\u0142y jak najlepsze. Biuro Obs\u0142ugi Klienta","robots":{"index":"index","follow":"follow","max-snippet":"max-snippet:-1","max-image-preview":"max-image-preview:large","max-video-preview":"max-video-preview:-1"},"canonical":"https:\/\/motogratka.pl\/blog\/kontakt\/","og_locale":"pl_PL","og_type":"article","og_title":"Kontakt | motogratka","og_description":"JESTE\u015aMY TU PO TO, BY POMAGA\u0106 Oferujemy szybkie i profesjonalne wsparcie, aby Twoje do\u015bwiadczenia z motogratk\u0105 by\u0142y jak najlepsze. Biuro Obs\u0142ugi Klienta","og_url":"https:\/\/motogratka.pl\/blog\/kontakt\/","og_site_name":"motogratka","article_modified_time":"2026-04-07T08:54:03+00:00","og_image":[{"url":"https:\/\/gratka.pl\/nuxt-assets\/contact_support.DCJF4vfg.svg","type":"","width":"","height":""}],"twitter_card":"summary_large_image","schema":{"@context":"https:\/\/schema.org","@graph":[{"@type":"WebPage","@id":"https:\/\/motogratka.pl\/blog\/kontakt\/","url":"https:\/\/motogratka.pl\/blog\/kontakt\/","name":"Kontakt | motogratka","isPartOf":{"@id":"https:\/\/motogratka.pl\/blog\/#website"},"primaryImageOfPage":{"@id":"https:\/\/motogratka.pl\/blog\/kontakt\/#primaryimage"},"image":{"@id":"https:\/\/motogratka.pl\/blog\/kontakt\/#primaryimage"},"thumbnailUrl":"https:\/\/gratka.pl\/nuxt-assets\/contact_support.DCJF4vfg.svg","datePublished":"2026-01-12T14:55:44+00:00","dateModified":"2026-04-07T08:54:03+00:00","description":"JESTE\u015aMY TU PO TO, BY POMAGA\u0106 Oferujemy szybkie i profesjonalne wsparcie, aby Twoje do\u015bwiadczenia z motogratk\u0105 by\u0142y jak najlepsze. Biuro Obs\u0142ugi Klienta","inLanguage":"pl-PL","potentialAction":[{"@type":"ReadAction","target":["https:\/\/motogratka.pl\/blog\/kontakt\/"]}]},{"@type":"ImageObject","inLanguage":"pl-PL","@id":"https:\/\/motogratka.pl\/blog\/kontakt\/#primaryimage","url":"https:\/\/gratka.pl\/nuxt-assets\/contact_support.DCJF4vfg.svg","contentUrl":"https:\/\/gratka.pl\/nuxt-assets\/contact_support.DCJF4vfg.svg"},{"@type":"WebSite","@id":"https:\/\/motogratka.pl\/blog\/#website","url":"https:\/\/motogratka.pl\/blog\/","name":"motogratka","description":"Poradniki, artyku\u0142y, raporty dotycz\u0105ce motoryzacji","publisher":{"@id":"https:\/\/motogratka.pl\/blog\/#organization"},"potentialAction":[{"@type":"SearchAction","target":{"@type":"EntryPoint","urlTemplate":"https:\/\/motogratka.pl\/blog\/?s={search_term_string}"},"query-input":{"@type":"PropertyValueSpecification","valueRequired":true,"valueName":"search_term_string"}}],"inLanguage":"pl-PL"},{"@type":"Organization","@id":"https:\/\/motogratka.pl\/blog\/#organization","name":"motogratka","url":"https:\/\/motogratka.pl\/blog\/","logo":{"@type":"ImageObject","inLanguage":"pl-PL","@id":"https:\/\/motogratka.pl\/blog\/#\/schema\/logo\/image\/","url":"https:\/\/motogratka.pl\/blog\/wp-content\/uploads\/2024\/09\/gratka-logo.svg","contentUrl":"https:\/\/motogratka.pl\/blog\/wp-content\/uploads\/2024\/09\/gratka-logo.svg","width":147,"height":40,"caption":"motogratka"},"image":{"@id":"https:\/\/motogratka.pl\/blog\/#\/schema\/logo\/image\/"}}]}},"_links":{"self":[{"href":"https:\/\/motogratka.pl\/blog\/wp-json\/wp\/v2\/pages\/109359","targetHints":{"allow":["GET"]}}],"collection":[{"href":"https:\/\/motogratka.pl\/blog\/wp-json\/wp\/v2\/pages"}],"about":[{"href":"https:\/\/motogratka.pl\/blog\/wp-json\/wp\/v2\/types\/page"}],"author":[{"embeddable":true,"href":"https:\/\/motogratka.pl\/blog\/wp-json\/wp\/v2\/users\/86"}],"replies":[{"embeddable":true,"href":"https:\/\/motogratka.pl\/blog\/wp-json\/wp\/v2\/comments?post=109359"}],"version-history":[{"count":40,"href":"https:\/\/motogratka.pl\/blog\/wp-json\/wp\/v2\/pages\/109359\/revisions"}],"predecessor-version":[{"id":109530,"href":"https:\/\/motogratka.pl\/blog\/wp-json\/wp\/v2\/pages\/109359\/revisions\/109530"}],"wp:attachment":[{"href":"https:\/\/motogratka.pl\/blog\/wp-json\/wp\/v2\/media?parent=109359"}],"curies":[{"name":"wp","href":"https:\/\/api.w.org\/{rel}","templated":true}]}}